{"id":1023,"date":"2021-02-20T14:39:40","date_gmt":"2021-02-20T13:39:40","guid":{"rendered":"https:\/\/effortlessyachting.com\/?page_id=1023"},"modified":"2023-09-25T17:26:56","modified_gmt":"2023-09-25T15:26:56","slug":"a-propos","status":"publish","type":"page","link":"https:\/\/effortlessyachting.com\/index.php\/a-propos\/","title":{"rendered":"a propos"},"content":{"rendered":"\t\t<div data-elementor-type=\"wp-page\" data-elementor-id=\"1023\" class=\"elementor elementor-1023\">\n\t\t\t\t\t\t<section class=\"elementor-section elementor-top-section elementor-element elementor-element-7d7f63df elementor-section-height-min-height elementor-section-stretched elementor-section-boxed elementor-section-height-default elementor-section-items-middle\" data-id=\"7d7f63df\" data-element_type=\"section\" data-settings=\"{&quot;background_background&quot;:&quot;slideshow&quot;,&quot;background_slideshow_gallery&quot;:[{&quot;id&quot;:4149,&quot;url&quot;:&quot;https:\\\/\\\/effortlessyachting.com\\\/wp-content\\\/uploads\\\/2023\\\/09\\\/st-tropez.jpg&quot;}],&quot;stretch_section&quot;:&quot;section-stretched&quot;,&quot;background_slideshow_loop&quot;:&quot;yes&quot;,&quot;background_slideshow_slide_duration&quot;:5000,&quot;background_slideshow_slide_transition&quot;:&quot;fade&quot;,&quot;background_slideshow_transition_duration&quot;:500}\">\n\t\t\t\t\t\t<div class=\"elementor-container elementor-column-gap-default\">\n\t\t\t\t\t<div class=\"elementor-column elementor-col-100 elementor-top-column elementor-element elementor-element-3cf7db22\" data-id=\"3cf7db22\" data-element_type=\"column\">\n\t\t\t<div class=\"elementor-widget-wrap elementor-element-populated\">\n\t\t\t\t\t\t<div class=\"elementor-element elementor-element-75efd0 elementor-invisible elementor-widget elementor-widget-heading\" data-id=\"75efd0\" data-element_type=\"widget\" data-settings=\"{&quot;_animation&quot;:&quot;fadeIn&quot;}\" data-widget_type=\"heading.default\">\n\t\t\t\t<div class=\"elementor-widget-container\">\n\t\t\t\t\t<h2 class=\"elementor-heading-title elementor-size-default\">QUI SOMMES NOUS  ?<\/h2>\t\t\t\t<\/div>\n\t\t\t\t<\/div>\n\t\t\t\t<div class=\"elementor-element elementor-element-b198bdd elementor-align-center elementor-widget elementor-widget-button\" data-id=\"b198bdd\" data-element_type=\"widget\" data-widget_type=\"button.default\">\n\t\t\t\t<div class=\"elementor-widget-container\">\n\t\t\t\t\t\t\t\t\t<div class=\"elementor-button-wrapper\">\n\t\t\t\t\t<a class=\"elementor-button elementor-button-link elementor-size-sm\" href=\"https:\/\/effortlessyachting.com\/index.php\/contact-me\/\">\n\t\t\t\t\t\t<span class=\"elementor-button-content-wrapper\">\n\t\t\t\t\t\t\t\t\t<span class=\"elementor-button-text\">Contactez nous<\/span>\n\t\t\t\t\t<\/span>\n\t\t\t\t\t<\/a>\n\t\t\t\t<\/div>\n\t\t\t\t\t\t\t\t<\/div>\n\t\t\t\t<\/div>\n\t\t\t\t\t<\/div>\n\t\t<\/div>\n\t\t\t\t\t<\/div>\n\t\t<\/section>\n\t\t\t\t<section class=\"elementor-section elementor-top-section elementor-element elementor-element-44b3ad38 elementor-section-content-middle elementor-section-boxed elementor-section-height-default elementor-section-height-default\" data-id=\"44b3ad38\" data-element_type=\"section\">\n\t\t\t\t\t\t<div class=\"elementor-container elementor-column-gap-default\">\n\t\t\t\t\t<div class=\"elementor-column elementor-col-100 elementor-top-column elementor-element elementor-element-3c3f78ee big-margin\" data-id=\"3c3f78ee\" data-element_type=\"column\">\n\t\t\t<div class=\"elementor-widget-wrap elementor-element-populated\">\n\t\t\t\t\t\t<div class=\"elementor-element elementor-element-b3938ae elementor-widget elementor-widget-heading\" data-id=\"b3938ae\" data-element_type=\"widget\" data-widget_type=\"heading.default\">\n\t\t\t\t<div class=\"elementor-widget-container\">\n\t\t\t\t\t<h2 class=\"elementor-heading-title elementor-size-default\">Effortless Yachting est n\u00e9 par la passion qui anime son dirigeant et ses partenaires.<\/h2>\t\t\t\t<\/div>\n\t\t\t\t<\/div>\n\t\t\t\t<div class=\"elementor-element elementor-element-320f3114 elementor-widget elementor-widget-text-editor\" data-id=\"320f3114\" data-element_type=\"widget\" data-widget_type=\"text-editor.default\">\n\t\t\t\t<div class=\"elementor-widget-container\">\n\t\t\t\t\t\t\t\t\t<p><span style=\"color: #222222;\">Effortless Yachting se concentre sur un seul objectif le z\u00e9ro souci \u00ab Une navigation sereine \u00bb et vise \u00e0 \u00eatre le partenaire de confiance en\u00a0 mati\u00e8re de maintenance ainsi que d\u2019\u00e9quipier pour les gestionnaires et propri\u00e9taires de Yacht. Nos services font office de partenariat \u00e0 long terme.<\/span><\/p>\t\t\t\t\t\t\t\t<\/div>\n\t\t\t\t<\/div>\n\t\t\t\t<div class=\"elementor-element elementor-element-eb0ee48 elementor-widget elementor-widget-heading\" data-id=\"eb0ee48\" data-element_type=\"widget\" data-widget_type=\"heading.default\">\n\t\t\t\t<div class=\"elementor-widget-container\">\n\t\t\t\t\t<h2 class=\"elementor-heading-title elementor-size-default\">Pourquoi choisir Effortless Yachting ?<\/h2>\t\t\t\t<\/div>\n\t\t\t\t<\/div>\n\t\t\t\t<div class=\"elementor-element elementor-element-41333b2 elementor-widget elementor-widget-text-editor\" data-id=\"41333b2\" data-element_type=\"widget\" data-widget_type=\"text-editor.default\">\n\t\t\t\t<div class=\"elementor-widget-container\">\n\t\t\t\t\t\t\t\t\t<p><span style=\"color: #222222;\">Mes 30 ans d\u2019exp\u00e9rience dans le domaine de la grande plaisance m\u2019ont permis d\u2019acqu\u00e9rir une large connaissance en mati\u00e8re de Yachts.\u00a0 Apr\u00e8s 25 ans d\u2019activit\u00e9 en tant que navigant dont 15 en tant que capitaine au sein de Rodriguez Group Company \u00e0 la barre et \u00e0 la participation au d\u00e9veloppement de la gamme <strong>Mangusta<\/strong> et <strong>Leopard<\/strong>, j\u2019ai d\u00e9cid\u00e9 d\u2019int\u00e9grer un chantier naval en tant que chef de projet.<\/span><\/p><p><span style=\"color: #222222;\">Ma connaissance de ces luxueux yachts m\u2019ont permis de d\u00e9velopper un v\u00e9ritable r\u00e9seaux d\u2019experts et de professionnels tr\u00e8s sp\u00e9cialis\u00e9s. Que ce soit pour les syst\u00e8mes de propulsion,\u00a0 la peinture, la charpente, l\u2019am\u00e9nagement ou tout autres types de travaux. Nos partenaires sont choisis avec les m\u00eames exigences que vous \u00eates en droit de nous demander.<\/span><\/p><p><span style=\"color: #222222;\">Ces 30 ans d\u2019exp\u00e9rience dans le domaine de la grande plaisance, me permettent aujourd&rsquo;hui de vous proposer une large gamme de services.<\/span><\/p>\t\t\t\t\t\t\t\t<\/div>\n\t\t\t\t<\/div>\n\t\t\t\t\t<\/div>\n\t\t<\/div>\n\t\t\t\t\t<\/div>\n\t\t<\/section>\n\t\t\t\t<section class=\"elementor-section elementor-top-section elementor-element elementor-element-328763da elementor-section-stretched elementor-section-boxed elementor-section-height-default elementor-section-height-default\" data-id=\"328763da\" data-element_type=\"section\" data-settings=\"{&quot;background_background&quot;:&quot;classic&quot;,&quot;stretch_section&quot;:&quot;section-stretched&quot;}\">\n\t\t\t\t\t\t<div class=\"elementor-container elementor-column-gap-default\">\n\t\t\t\t\t<div class=\"elementor-column elementor-col-25 elementor-top-column elementor-element elementor-element-5b96f99b\" data-id=\"5b96f99b\" data-element_type=\"column\">\n\t\t\t<div class=\"elementor-widget-wrap elementor-element-populated\">\n\t\t\t\t\t\t<div class=\"elementor-element elementor-element-141e7fc2 elementor-widget elementor-widget-counter\" data-id=\"141e7fc2\" data-element_type=\"widget\" data-widget_type=\"counter.default\">\n\t\t\t\t<div class=\"elementor-widget-container\">\n\t\t\t\t\t\t\t<div class=\"elementor-counter\">\n\t\t\t<div class=\"elementor-counter-title\">Milles parcourus<\/div>\t\t\t<div class=\"elementor-counter-number-wrapper\">\n\t\t\t\t<span class=\"elementor-counter-number-prefix\"><\/span>\n\t\t\t\t<span class=\"elementor-counter-number\" data-duration=\"2000\" data-to-value=\"100000\" data-from-value=\"\" data-delimiter=\".\"><\/span>\n\t\t\t\t<span class=\"elementor-counter-number-suffix\"><\/span>\n\t\t\t<\/div>\n\t\t<\/div>\n\t\t\t\t\t\t<\/div>\n\t\t\t\t<\/div>\n\t\t\t\t\t<\/div>\n\t\t<\/div>\n\t\t\t\t<div class=\"elementor-column elementor-col-25 elementor-top-column elementor-element elementor-element-3de61457\" data-id=\"3de61457\" data-element_type=\"column\">\n\t\t\t<div class=\"elementor-widget-wrap elementor-element-populated\">\n\t\t\t\t\t\t<div class=\"elementor-element elementor-element-4a1583a5 elementor-widget elementor-widget-counter\" data-id=\"4a1583a5\" data-element_type=\"widget\" data-widget_type=\"counter.default\">\n\t\t\t\t<div class=\"elementor-widget-container\">\n\t\t\t\t\t\t\t<div class=\"elementor-counter\">\n\t\t\t<div class=\"elementor-counter-title\">Ans d'exp\u00e9rience<\/div>\t\t\t<div class=\"elementor-counter-number-wrapper\">\n\t\t\t\t<span class=\"elementor-counter-number-prefix\"><\/span>\n\t\t\t\t<span class=\"elementor-counter-number\" data-duration=\"2000\" data-to-value=\"30\" data-from-value=\"\" data-delimiter=\",\"><\/span>\n\t\t\t\t<span class=\"elementor-counter-number-suffix\"><\/span>\n\t\t\t<\/div>\n\t\t<\/div>\n\t\t\t\t\t\t<\/div>\n\t\t\t\t<\/div>\n\t\t\t\t\t<\/div>\n\t\t<\/div>\n\t\t\t\t<div class=\"elementor-column elementor-col-25 elementor-top-column elementor-element elementor-element-316a4f48\" data-id=\"316a4f48\" data-element_type=\"column\">\n\t\t\t<div class=\"elementor-widget-wrap elementor-element-populated\">\n\t\t\t\t\t\t<div class=\"elementor-element elementor-element-32f6c899 elementor-widget elementor-widget-counter\" data-id=\"32f6c899\" data-element_type=\"widget\" data-widget_type=\"counter.default\">\n\t\t\t\t<div class=\"elementor-widget-container\">\n\t\t\t\t\t\t\t<div class=\"elementor-counter\">\n\t\t\t<div class=\"elementor-counter-title\">Suivi de projets<\/div>\t\t\t<div class=\"elementor-counter-number-wrapper\">\n\t\t\t\t<span class=\"elementor-counter-number-prefix\"><\/span>\n\t\t\t\t<span class=\"elementor-counter-number\" data-duration=\"2000\" data-to-value=\"328\" data-from-value=\"\" data-delimiter=\",\"><\/span>\n\t\t\t\t<span class=\"elementor-counter-number-suffix\"><\/span>\n\t\t\t<\/div>\n\t\t<\/div>\n\t\t\t\t\t\t<\/div>\n\t\t\t\t<\/div>\n\t\t\t\t\t<\/div>\n\t\t<\/div>\n\t\t\t\t<div class=\"elementor-column elementor-col-25 elementor-top-column elementor-element elementor-element-64c1c643\" data-id=\"64c1c643\" data-element_type=\"column\">\n\t\t\t<div class=\"elementor-widget-wrap elementor-element-populated\">\n\t\t\t\t\t\t<div class=\"elementor-element elementor-element-ceeec0e elementor-widget elementor-widget-counter\" data-id=\"ceeec0e\" data-element_type=\"widget\" data-widget_type=\"counter.default\">\n\t\t\t\t<div class=\"elementor-widget-container\">\n\t\t\t\t\t\t\t<div class=\"elementor-counter\">\n\t\t\t<div class=\"elementor-counter-title\">Suivi de construction<\/div>\t\t\t<div class=\"elementor-counter-number-wrapper\">\n\t\t\t\t<span class=\"elementor-counter-number-prefix\"><\/span>\n\t\t\t\t<span class=\"elementor-counter-number\" data-duration=\"2000\" data-to-value=\"8\" data-from-value=\"\" data-delimiter=\",\"><\/span>\n\t\t\t\t<span class=\"elementor-counter-number-suffix\"><\/span>\n\t\t\t<\/div>\n\t\t<\/div>\n\t\t\t\t\t\t<\/div>\n\t\t\t\t<\/div>\n\t\t\t\t\t<\/div>\n\t\t<\/div>\n\t\t\t\t\t<\/div>\n\t\t<\/section>\n\t\t\t\t<section class=\"elementor-section elementor-top-section elementor-element elementor-element-25d33c70 elementor-section-boxed elementor-section-height-default elementor-section-height-default\" data-id=\"25d33c70\" data-element_type=\"section\">\n\t\t\t\t\t\t<div class=\"elementor-container elementor-column-gap-default\">\n\t\t\t\t\t<div class=\"elementor-column elementor-col-100 elementor-top-column elementor-element elementor-element-507bf912\" data-id=\"507bf912\" data-element_type=\"column\">\n\t\t\t<div class=\"elementor-widget-wrap\">\n\t\t\t\t\t\t\t<\/div>\n\t\t<\/div>\n\t\t\t\t\t<\/div>\n\t\t<\/section>\n\t\t\t\t<\/div>\n\t\t","protected":false},"excerpt":{"rendered":"<p>QUI SOMMES NOUS ? Contactez nous Effortless Yachting est n\u00e9 par la passion qui anime son dirigeant et ses partenaires. Effortless Yachting se concentre sur un seul objectif le z\u00e9ro souci \u00ab Une navigation sereine \u00bb et vise \u00e0 \u00eatre le partenaire de confiance en\u00a0 mati\u00e8re de maintenance ainsi que d\u2019\u00e9quipier pour les gestionnaires et [&hellip;]<\/p>\n","protected":false},"author":1,"featured_media":0,"parent":0,"menu_order":0,"comment_status":"closed","ping_status":"closed","template":"","meta":{"ocean_post_layout":"","ocean_both_sidebars_style":"","ocean_both_sidebars_content_width":0,"ocean_both_sidebars_sidebars_width":0,"ocean_sidebar":"0","ocean_second_sidebar":"0","ocean_disable_margins":"enable","ocean_add_body_class":"","ocean_shortcode_before_top_bar":"","ocean_shortcode_after_top_bar":"","ocean_shortcode_before_header":"","ocean_shortcode_after_header":"","ocean_has_shortcode":"","ocean_shortcode_after_title":"","ocean_shortcode_before_footer_widgets":"","ocean_shortcode_after_footer_widgets":"","ocean_shortcode_before_footer_bottom":"","ocean_shortcode_after_footer_bottom":"","ocean_display_top_bar":"default","ocean_display_header":"default","ocean_header_style":"","ocean_center_header_left_menu":"0","ocean_custom_header_template":"0","ocean_custom_logo":0,"ocean_custom_retina_logo":0,"ocean_custom_logo_max_width":0,"ocean_custom_logo_tablet_max_width":0,"ocean_custom_logo_mobile_max_width":0,"ocean_custom_logo_max_height":0,"ocean_custom_logo_tablet_max_height":0,"ocean_custom_logo_mobile_max_height":0,"ocean_header_custom_menu":"8","ocean_menu_typo_font_family":"0","ocean_menu_typo_font_subset":"","ocean_menu_typo_font_size":0,"ocean_menu_typo_font_size_tablet":0,"ocean_menu_typo_font_size_mobile":0,"ocean_menu_typo_font_size_unit":"px","ocean_menu_typo_font_weight":"","ocean_menu_typo_font_weight_tablet":"","ocean_menu_typo_font_weight_mobile":"","ocean_menu_typo_transform":"","ocean_menu_typo_transform_tablet":"","ocean_menu_typo_transform_mobile":"","ocean_menu_typo_line_height":0,"ocean_menu_typo_line_height_tablet":0,"ocean_menu_typo_line_height_mobile":0,"ocean_menu_typo_line_height_unit":"","ocean_menu_typo_spacing":0,"ocean_menu_typo_spacing_tablet":0,"ocean_menu_typo_spacing_mobile":0,"ocean_menu_typo_spacing_unit":"","ocean_menu_link_color":"","ocean_menu_link_color_hover":"","ocean_menu_link_color_active":"","ocean_menu_link_background":"","ocean_menu_link_hover_background":"","ocean_menu_link_active_background":"","ocean_menu_social_links_bg":"","ocean_menu_social_hover_links_bg":"","ocean_menu_social_links_color":"","ocean_menu_social_hover_links_color":"","ocean_disable_title":"default","ocean_disable_heading":"default","ocean_post_title":"","ocean_post_subheading":"","ocean_post_title_style":"","ocean_post_title_background_color":"","ocean_post_title_background":0,"ocean_post_title_bg_image_position":"","ocean_post_title_bg_image_attachment":"","ocean_post_title_bg_image_repeat":"","ocean_post_title_bg_image_size":"","ocean_post_title_height":0,"ocean_post_title_bg_overlay":0.5,"ocean_post_title_bg_overlay_color":"","ocean_disable_breadcrumbs":"default","ocean_breadcrumbs_color":"","ocean_breadcrumbs_separator_color":"","ocean_breadcrumbs_links_color":"","ocean_breadcrumbs_links_hover_color":"","ocean_display_footer_widgets":"default","ocean_display_footer_bottom":"default","ocean_custom_footer_template":"0","footnotes":""},"yoast_head":"<!-- This site is optimized with the Yoast SEO plugin v22.6 - https:\/\/yoast.com\/wordpress\/plugins\/seo\/ -->\n<title>a propos - Effortless Yachting<\/title>\n<meta name=\"robots\" content=\"index, follow, max-snippet:-1, max-image-preview:large, max-video-preview:-1\" \/>\n<link rel=\"canonical\" href=\"https:\/\/effortlessyachting.com\/index.php\/a-propos\/\" \/>\n<meta property=\"og:locale\" content=\"fr_FR\" \/>\n<meta property=\"og:type\" content=\"article\" \/>\n<meta property=\"og:title\" content=\"a propos - Effortless Yachting\" \/>\n<meta property=\"og:description\" content=\"QUI SOMMES NOUS ? Contactez nous Effortless Yachting est n\u00e9 par la passion qui anime son dirigeant et ses partenaires. Effortless Yachting se concentre sur un seul objectif le z\u00e9ro souci \u00ab Une navigation sereine \u00bb et vise \u00e0 \u00eatre le partenaire de confiance en\u00a0 mati\u00e8re de maintenance ainsi que d\u2019\u00e9quipier pour les gestionnaires et [&hellip;]\" \/>\n<meta property=\"og:url\" content=\"https:\/\/effortlessyachting.com\/index.php\/a-propos\/\" \/>\n<meta property=\"og:site_name\" content=\"Effortless Yachting\" \/>\n<meta property=\"article:modified_time\" content=\"2023-09-25T15:26:56+00:00\" \/>\n<meta name=\"twitter:card\" content=\"summary_large_image\" \/>\n<meta name=\"twitter:label1\" content=\"Dur\u00e9e de lecture estim\u00e9e\" \/>\n\t<meta name=\"twitter:data1\" content=\"2 minutes\" \/>\n<script type=\"application\/ld+json\" class=\"yoast-schema-graph\">{\"@context\":\"https:\/\/schema.org\",\"@graph\":[{\"@type\":\"WebPage\",\"@id\":\"https:\/\/effortlessyachting.com\/index.php\/a-propos\/\",\"url\":\"https:\/\/effortlessyachting.com\/index.php\/a-propos\/\",\"name\":\"a propos - Effortless Yachting\",\"isPartOf\":{\"@id\":\"https:\/\/effortlessyachting.com\/#website\"},\"datePublished\":\"2021-02-20T13:39:40+00:00\",\"dateModified\":\"2023-09-25T15:26:56+00:00\",\"breadcrumb\":{\"@id\":\"https:\/\/effortlessyachting.com\/index.php\/a-propos\/#breadcrumb\"},\"inLanguage\":\"fr-FR\",\"potentialAction\":[{\"@type\":\"ReadAction\",\"target\":[\"https:\/\/effortlessyachting.com\/index.php\/a-propos\/\"]}]},{\"@type\":\"BreadcrumbList\",\"@id\":\"https:\/\/effortlessyachting.com\/index.php\/a-propos\/#breadcrumb\",\"itemListElement\":[{\"@type\":\"ListItem\",\"position\":1,\"name\":\"Accueil\",\"item\":\"https:\/\/effortlessyachting.com\/\"},{\"@type\":\"ListItem\",\"position\":2,\"name\":\"a propos\"}]},{\"@type\":\"WebSite\",\"@id\":\"https:\/\/effortlessyachting.com\/#website\",\"url\":\"https:\/\/effortlessyachting.com\/\",\"name\":\"Effortless Yachting\",\"description\":\"Yacht Consulting Cannes\",\"publisher\":{\"@id\":\"https:\/\/effortlessyachting.com\/#organization\"},\"potentialAction\":[{\"@type\":\"SearchAction\",\"target\":{\"@type\":\"EntryPoint\",\"urlTemplate\":\"https:\/\/effortlessyachting.com\/?s={search_term_string}\"},\"query-input\":\"required name=search_term_string\"}],\"inLanguage\":\"fr-FR\"},{\"@type\":\"Organization\",\"@id\":\"https:\/\/effortlessyachting.com\/#organization\",\"name\":\"Effortless Yachting\",\"url\":\"https:\/\/effortlessyachting.com\/\",\"logo\":{\"@type\":\"ImageObject\",\"inLanguage\":\"fr-FR\",\"@id\":\"https:\/\/effortlessyachting.com\/#\/schema\/logo\/image\/\",\"url\":\"https:\/\/effortlessyachting.com\/wp-content\/uploads\/2023\/09\/cropped-Logo21.png\",\"contentUrl\":\"https:\/\/effortlessyachting.com\/wp-content\/uploads\/2023\/09\/cropped-Logo21.png\",\"width\":640,\"height\":138,\"caption\":\"Effortless Yachting\"},\"image\":{\"@id\":\"https:\/\/effortlessyachting.com\/#\/schema\/logo\/image\/\"}}]}<\/script>\n<!-- \/ Yoast SEO plugin. -->","yoast_head_json":{"title":"a propos - Effortless Yachting","robots":{"index":"index","follow":"follow","max-snippet":"max-snippet:-1","max-image-preview":"max-image-preview:large","max-video-preview":"max-video-preview:-1"},"canonical":"https:\/\/effortlessyachting.com\/index.php\/a-propos\/","og_locale":"fr_FR","og_type":"article","og_title":"a propos - Effortless Yachting","og_description":"QUI SOMMES NOUS ? Contactez nous Effortless Yachting est n\u00e9 par la passion qui anime son dirigeant et ses partenaires. Effortless Yachting se concentre sur un seul objectif le z\u00e9ro souci \u00ab Une navigation sereine \u00bb et vise \u00e0 \u00eatre le partenaire de confiance en\u00a0 mati\u00e8re de maintenance ainsi que d\u2019\u00e9quipier pour les gestionnaires et [&hellip;]","og_url":"https:\/\/effortlessyachting.com\/index.php\/a-propos\/","og_site_name":"Effortless Yachting","article_modified_time":"2023-09-25T15:26:56+00:00","twitter_card":"summary_large_image","twitter_misc":{"Dur\u00e9e de lecture estim\u00e9e":"2 minutes"},"schema":{"@context":"https:\/\/schema.org","@graph":[{"@type":"WebPage","@id":"https:\/\/effortlessyachting.com\/index.php\/a-propos\/","url":"https:\/\/effortlessyachting.com\/index.php\/a-propos\/","name":"a propos - Effortless Yachting","isPartOf":{"@id":"https:\/\/effortlessyachting.com\/#website"},"datePublished":"2021-02-20T13:39:40+00:00","dateModified":"2023-09-25T15:26:56+00:00","breadcrumb":{"@id":"https:\/\/effortlessyachting.com\/index.php\/a-propos\/#breadcrumb"},"inLanguage":"fr-FR","potentialAction":[{"@type":"ReadAction","target":["https:\/\/effortlessyachting.com\/index.php\/a-propos\/"]}]},{"@type":"BreadcrumbList","@id":"https:\/\/effortlessyachting.com\/index.php\/a-propos\/#breadcrumb","itemListElement":[{"@type":"ListItem","position":1,"name":"Accueil","item":"https:\/\/effortlessyachting.com\/"},{"@type":"ListItem","position":2,"name":"a propos"}]},{"@type":"WebSite","@id":"https:\/\/effortlessyachting.com\/#website","url":"https:\/\/effortlessyachting.com\/","name":"Effortless Yachting","description":"Yacht Consulting Cannes","publisher":{"@id":"https:\/\/effortlessyachting.com\/#organization"},"potentialAction":[{"@type":"SearchAction","target":{"@type":"EntryPoint","urlTemplate":"https:\/\/effortlessyachting.com\/?s={search_term_string}"},"query-input":"required name=search_term_string"}],"inLanguage":"fr-FR"},{"@type":"Organization","@id":"https:\/\/effortlessyachting.com\/#organization","name":"Effortless Yachting","url":"https:\/\/effortlessyachting.com\/","logo":{"@type":"ImageObject","inLanguage":"fr-FR","@id":"https:\/\/effortlessyachting.com\/#\/schema\/logo\/image\/","url":"https:\/\/effortlessyachting.com\/wp-content\/uploads\/2023\/09\/cropped-Logo21.png","contentUrl":"https:\/\/effortlessyachting.com\/wp-content\/uploads\/2023\/09\/cropped-Logo21.png","width":640,"height":138,"caption":"Effortless Yachting"},"image":{"@id":"https:\/\/effortlessyachting.com\/#\/schema\/logo\/image\/"}}]}},"_links":{"self":[{"href":"https:\/\/effortlessyachting.com\/index.php\/wp-json\/wp\/v2\/pages\/1023"}],"collection":[{"href":"https:\/\/effortlessyachting.com\/index.php\/wp-json\/wp\/v2\/pages"}],"about":[{"href":"https:\/\/effortlessyachting.com\/index.php\/wp-json\/wp\/v2\/types\/page"}],"author":[{"embeddable":true,"href":"https:\/\/effortlessyachting.com\/index.php\/wp-json\/wp\/v2\/users\/1"}],"replies":[{"embeddable":true,"href":"https:\/\/effortlessyachting.com\/index.php\/wp-json\/wp\/v2\/comments?post=1023"}],"version-history":[{"count":122,"href":"https:\/\/effortlessyachting.com\/index.php\/wp-json\/wp\/v2\/pages\/1023\/revisions"}],"predecessor-version":[{"id":4155,"href":"https:\/\/effortlessyachting.com\/index.php\/wp-json\/wp\/v2\/pages\/1023\/revisions\/4155"}],"wp:attachment":[{"href":"https:\/\/effortlessyachting.com\/index.php\/wp-json\/wp\/v2\/media?parent=1023"}],"curies":[{"name":"wp","href":"https:\/\/api.w.org\/{rel}","templated":true}]}}