{"id":242,"date":"2016-11-09T23:50:43","date_gmt":"2016-11-09T22:50:43","guid":{"rendered":"https:\/\/oceanwp.org\/architect\/?page_id=242"},"modified":"2025-11-03T00:28:38","modified_gmt":"2025-11-02T23:28:38","slug":"home","status":"publish","type":"page","link":"https:\/\/effortlessyachting.com\/","title":{"rendered":"Accueil"},"content":{"rendered":"\t\t<div data-elementor-type=\"wp-page\" data-elementor-id=\"242\" class=\"elementor elementor-242\">\n\t\t\t\t\t\t<section class=\"elementor-section elementor-top-section elementor-element elementor-element-cig4q6x elementor-section-height-min-height elementor-section-boxed elementor-section-height-default elementor-section-items-middle\" data-id=\"cig4q6x\" data-element_type=\"section\" data-settings=\"{&quot;background_background&quot;:&quot;slideshow&quot;,&quot;background_slideshow_gallery&quot;:[{&quot;id&quot;:3762,&quot;url&quot;:&quot;https:\\\/\\\/effortlessyachting.com\\\/wp-content\\\/uploads\\\/2023\\\/09\\\/effortless-yachting.jpg&quot;},{&quot;id&quot;:3759,&quot;url&quot;:&quot;https:\\\/\\\/effortlessyachting.com\\\/wp-content\\\/uploads\\\/2023\\\/09\\\/effortless-01.jpg&quot;},{&quot;id&quot;:3760,&quot;url&quot;:&quot;https:\\\/\\\/effortlessyachting.com\\\/wp-content\\\/uploads\\\/2023\\\/09\\\/effortless-02.jpg&quot;},{&quot;id&quot;:3761,&quot;url&quot;:&quot;https:\\\/\\\/effortlessyachting.com\\\/wp-content\\\/uploads\\\/2023\\\/09\\\/effortless-03.jpg&quot;}],&quot;background_slideshow_ken_burns&quot;:&quot;yes&quot;,&quot;background_slideshow_loop&quot;:&quot;yes&quot;,&quot;background_slideshow_slide_duration&quot;:5000,&quot;background_slideshow_slide_transition&quot;:&quot;fade&quot;,&quot;background_slideshow_transition_duration&quot;:500,&quot;background_slideshow_ken_burns_zoom_direction&quot;:&quot;in&quot;}\">\n\t\t\t\t\t\t<div class=\"elementor-container elementor-column-gap-default\">\n\t\t\t\t\t<div class=\"elementor-column elementor-col-100 elementor-top-column elementor-element elementor-element-55cy4ji\" data-id=\"55cy4ji\" data-element_type=\"column\">\n\t\t\t<div class=\"elementor-widget-wrap elementor-element-populated\">\n\t\t\t\t\t\t<div class=\"elementor-element elementor-element-yod5c4k elementor-invisible elementor-widget elementor-widget-heading\" data-id=\"yod5c4k\" data-element_type=\"widget\" data-settings=\"{&quot;_animation&quot;:&quot;fadeIn&quot;}\" data-widget_type=\"heading.default\">\n\t\t\t\t<div class=\"elementor-widget-container\">\n\t\t\t\t\t<h2 class=\"elementor-heading-title elementor-size-default\">YACHT CONSULTING<\/h2>\t\t\t\t<\/div>\n\t\t\t\t<\/div>\n\t\t\t\t<div class=\"elementor-element elementor-element-9sovdwc elementor-align-center elementor-widget elementor-widget-button\" data-id=\"9sovdwc\" data-element_type=\"widget\" data-widget_type=\"button.default\">\n\t\t\t\t<div class=\"elementor-widget-container\">\n\t\t\t\t\t\t\t\t\t<div class=\"elementor-button-wrapper\">\n\t\t\t\t\t<a class=\"elementor-button elementor-button-link elementor-size-sm\" href=\"https:\/\/effortlessyachting.com\/index.php\/contact-me\/\">\n\t\t\t\t\t\t<span class=\"elementor-button-content-wrapper\">\n\t\t\t\t\t\t\t\t\t<span class=\"elementor-button-text\">Contactez nous<\/span>\n\t\t\t\t\t<\/span>\n\t\t\t\t\t<\/a>\n\t\t\t\t<\/div>\n\t\t\t\t\t\t\t\t<\/div>\n\t\t\t\t<\/div>\n\t\t\t\t\t<\/div>\n\t\t<\/div>\n\t\t\t\t\t<\/div>\n\t\t<\/section>\n\t\t\t\t<section class=\"elementor-section elementor-top-section elementor-element elementor-element-8575bdc elementor-section-boxed elementor-section-height-default elementor-section-height-default\" data-id=\"8575bdc\" data-element_type=\"section\">\n\t\t\t\t\t\t<div class=\"elementor-container elementor-column-gap-default\">\n\t\t\t\t\t<div class=\"elementor-column elementor-col-100 elementor-top-column elementor-element elementor-element-83d6a90\" data-id=\"83d6a90\" data-element_type=\"column\">\n\t\t\t<div class=\"elementor-widget-wrap elementor-element-populated\">\n\t\t\t\t\t\t<div class=\"elementor-element elementor-element-9ad4aea elementor-widget elementor-widget-heading\" data-id=\"9ad4aea\" data-element_type=\"widget\" data-widget_type=\"heading.default\">\n\t\t\t\t<div class=\"elementor-widget-container\">\n\t\t\t\t\t<h2 class=\"elementor-heading-title elementor-size-default\">Effortless Yachting<\/h2>\t\t\t\t<\/div>\n\t\t\t\t<\/div>\n\t\t\t\t<div class=\"elementor-element elementor-element-9b8861a elementor-widget elementor-widget-text-editor\" data-id=\"9b8861a\" data-element_type=\"widget\" data-widget_type=\"text-editor.default\">\n\t\t\t\t<div class=\"elementor-widget-container\">\n\t\t\t\t\t\t\t\t\t<p>Vous \u00eates \u00e0 la recherche d&rsquo;un yacht neuf ou d&rsquo;occasion pour sublimer vos prochaines vacances ? Effortless Yachting, votre agence de <strong>yacht consulting<\/strong> en M\u00e9diterran\u00e9e, vous accompagne tout au long de votre projet. Riches de nos 30 ann\u00e9es d&rsquo;exp\u00e9rience, mais aussi de nos expertises et de notre connaissance du march\u00e9, nous vous aidons \u00e0 donner vie \u00e0 votre projet : comment pouvons-nous vous accompagner ?<\/p>\t\t\t\t\t\t\t\t<\/div>\n\t\t\t\t<\/div>\n\t\t\t\t<div class=\"elementor-element elementor-element-83014fa elementor-widget elementor-widget-heading\" data-id=\"83014fa\" data-element_type=\"widget\" data-widget_type=\"heading.default\">\n\t\t\t\t<div class=\"elementor-widget-container\">\n\t\t\t\t\t<h2 class=\"elementor-heading-title elementor-size-default\">Assistance \u00e0 la recherche <\/h2>\t\t\t\t<\/div>\n\t\t\t\t<\/div>\n\t\t\t\t<div class=\"elementor-element elementor-element-5f7d415 elementor-widget elementor-widget-text-editor\" data-id=\"5f7d415\" data-element_type=\"widget\" data-widget_type=\"text-editor.default\">\n\t\t\t\t<div class=\"elementor-widget-container\">\n\t\t\t\t\t\t\t\t\t<p>Sp\u00e9cialistes du <strong>process d&rsquo;achat neuf et occasion<\/strong>, nous accompagnons professionnels et particuliers dans leur recherche de yacht. Nous suivons et soignons chaque \u00e9tape de votre projet, depuis la d\u00e9finition de vos besoins jusqu&rsquo;\u00e0 la signature du contrat de vente en passant par l&rsquo;indispensable contr\u00f4le technique. Nous veillons \u00e0 respecter l&rsquo;ensemble de vos exigences pour vous proposer des bateaux d&rsquo;exception tout en facilitant vos prises de d\u00e9cision. Nous vous orientons enfin vers les produits et les services essentiels \u00e0 la r\u00e9alisation de votre projet, afin que vous puissiez investir dans des conditions optimales.<\/p>\t\t\t\t\t\t\t\t<\/div>\n\t\t\t\t<\/div>\n\t\t\t\t<div class=\"elementor-element elementor-element-45faf15 elementor-widget elementor-widget-heading\" data-id=\"45faf15\" data-element_type=\"widget\" data-widget_type=\"heading.default\">\n\t\t\t\t<div class=\"elementor-widget-container\">\n\t\t\t\t\t<h2 class=\"elementor-heading-title elementor-size-default\">Des comp\u00e9tences sp\u00e9cifiques pour un investissement r\u00e9ussi<\/h2>\t\t\t\t<\/div>\n\t\t\t\t<\/div>\n\t\t\t\t<div class=\"elementor-element elementor-element-6a5e714 elementor-widget elementor-widget-text-editor\" data-id=\"6a5e714\" data-element_type=\"widget\" data-widget_type=\"text-editor.default\">\n\t\t\t\t<div class=\"elementor-widget-container\">\n\t\t\t\t\t\t\t\t\t<p>Plus qu&rsquo;une simple transaction commerciale, l&rsquo;<strong>achat d&rsquo;un yacht neuf ou d&rsquo;occasion<\/strong> constitue un v\u00e9ritable investissement. Synonyme de r\u00e9ussite, mais aussi de libert\u00e9 et de plaisir nautique, votre yacht devra r\u00e9pondre \u00e0 tous vos besoins : tel est notre engagement. C&rsquo;est pourquoi nous avons d\u00e9velopp\u00e9 toutes les comp\u00e9tences n\u00e9cessaires pour concr\u00e9tiser votre projet : nous assurons le suivi d&rsquo;acquisition ou le suivi de restauration de votre bateau dans les r\u00e8gles de l&rsquo;art. Nous vous proposons \u00e9galement un service de location de yacht en M\u00e9diterran\u00e9e occidentale, C\u00f4te d&rsquo;Azur, Corse, Sardaigne, Italie et Bal\u00e9ares. N&rsquo;h\u00e9sitez pas \u00e0 nous contacter pour obtenir de plus amples renseignements sur nos expertises, qui s&rsquo;associent \u00e0 une longue exp\u00e9rience sur ce march\u00e9 de luxe.<\/p>\t\t\t\t\t\t\t\t<\/div>\n\t\t\t\t<\/div>\n\t\t\t\t<div class=\"elementor-element elementor-element-4158091 elementor-widget elementor-widget-heading\" data-id=\"4158091\" data-element_type=\"widget\" data-widget_type=\"heading.default\">\n\t\t\t\t<div class=\"elementor-widget-container\">\n\t\t\t\t\t<h2 class=\"elementor-heading-title elementor-size-default\">Bien plus qu'un broker<\/h2>\t\t\t\t<\/div>\n\t\t\t\t<\/div>\n\t\t\t\t<div class=\"elementor-element elementor-element-e9bfecc elementor-widget elementor-widget-text-editor\" data-id=\"e9bfecc\" data-element_type=\"widget\" data-widget_type=\"text-editor.default\">\n\t\t\t\t<div class=\"elementor-widget-container\">\n\t\t\t\t\t\t\t\t\t<p>Plus qu&rsquo;un simple interm\u00e9diaire, c&rsquo;est en v\u00e9ritable partenaire que nous assurons votre accompagnement. Un chef de projet d\u00e9di\u00e9 prend le temps d&rsquo;\u00e9tudier vos besoins pour vous pr\u00e9senter les bateaux susceptibles de vous int\u00e9resser, avant de vous proposer des options de financement adapt\u00e9es. Notre r\u00e9seau de collaborateurs professionnels se mobilise pour vous apporter des r\u00e9ponses claires, ainsi que des solutions techniques et juridiques de qualit\u00e9. Parce que le plaisir de naviguer doit rester votre seule priorit\u00e9, nous faisons de votre <strong>projet d&rsquo;acquisition ou de restauration de yacht<\/strong> la n\u00f4tre !<\/p>\t\t\t\t\t\t\t\t<\/div>\n\t\t\t\t<\/div>\n\t\t\t\t\t<\/div>\n\t\t<\/div>\n\t\t\t\t\t<\/div>\n\t\t<\/section>\n\t\t\t\t<section class=\"elementor-section elementor-top-section elementor-element elementor-element-lhku252 elementor-section-content-bottom elementor-section-boxed elementor-section-height-default elementor-section-height-default\" data-id=\"lhku252\" data-element_type=\"section\" data-settings=\"{&quot;background_background&quot;:&quot;video&quot;,&quot;background_video_link&quot;:&quot;https:\\\/\\\/youtu.be\\\/djtnq63yFj4&quot;}\">\n\t\t\t\t\t\t\t\t<div class=\"elementor-background-video-container elementor-hidden-mobile\">\n\t\t\t\t\t\t\t\t\t\t\t\t\t<div class=\"elementor-background-video-embed\"><\/div>\n\t\t\t\t\t\t\t\t\t\t\t\t<\/div>\n\t\t\t\t\t\t\t\t<div class=\"elementor-container elementor-column-gap-default\">\n\t\t\t\t\t<div class=\"elementor-column elementor-col-100 elementor-top-column elementor-element elementor-element-cmha3eq\" data-id=\"cmha3eq\" data-element_type=\"column\">\n\t\t\t<div class=\"elementor-widget-wrap elementor-element-populated\">\n\t\t\t\t\t\t<section class=\"elementor-section elementor-inner-section elementor-element elementor-element-vgt8pvy elementor-section-boxed elementor-section-height-default elementor-section-height-default\" data-id=\"vgt8pvy\" data-element_type=\"section\">\n\t\t\t\t\t\t<div class=\"elementor-container elementor-column-gap-default\">\n\t\t\t\t\t<div class=\"elementor-column elementor-col-50 elementor-inner-column elementor-element elementor-element-sdpe3tc\" data-id=\"sdpe3tc\" data-element_type=\"column\">\n\t\t\t<div class=\"elementor-widget-wrap elementor-element-populated\">\n\t\t\t\t\t\t<div class=\"elementor-element elementor-element-6w82zpq elementor-hidden-phone elementor-widget elementor-widget-spacer\" data-id=\"6w82zpq\" data-element_type=\"widget\" data-widget_type=\"spacer.default\">\n\t\t\t\t<div class=\"elementor-widget-container\">\n\t\t\t\t\t\t\t<div class=\"elementor-spacer\">\n\t\t\t<div class=\"elementor-spacer-inner\"><\/div>\n\t\t<\/div>\n\t\t\t\t\t\t<\/div>\n\t\t\t\t<\/div>\n\t\t\t\t<div class=\"elementor-element elementor-element-2a8ef21 elementor-widget elementor-widget-text-editor\" data-id=\"2a8ef21\" data-element_type=\"widget\" data-widget_type=\"text-editor.default\">\n\t\t\t\t<div class=\"elementor-widget-container\">\n\t\t\t\t\t\t\t\t\t<p><strong><em>30 ans<\/em><\/strong><br \/><strong><em>d&rsquo;exp\u00e9rience<\/em><\/strong><\/p>\t\t\t\t\t\t\t\t<\/div>\n\t\t\t\t<\/div>\n\t\t\t\t\t<\/div>\n\t\t<\/div>\n\t\t\t\t<div class=\"elementor-column elementor-col-50 elementor-inner-column elementor-element elementor-element-5khc832 big-margin\" data-id=\"5khc832\" data-element_type=\"column\">\n\t\t\t<div class=\"elementor-widget-wrap elementor-element-populated\">\n\t\t\t\t\t\t\t<\/div>\n\t\t<\/div>\n\t\t\t\t\t<\/div>\n\t\t<\/section>\n\t\t\t\t\t<\/div>\n\t\t<\/div>\n\t\t\t\t\t<\/div>\n\t\t<\/section>\n\t\t\t\t<section class=\"elementor-section elementor-top-section elementor-element elementor-element-e5e6174 elementor-section-boxed elementor-section-height-default elementor-section-height-default\" data-id=\"e5e6174\" data-element_type=\"section\">\n\t\t\t\t\t\t<div class=\"elementor-container elementor-column-gap-default\">\n\t\t\t\t\t<div class=\"elementor-column elementor-col-100 elementor-top-column elementor-element elementor-element-80aff4f\" data-id=\"80aff4f\" data-element_type=\"column\">\n\t\t\t<div class=\"elementor-widget-wrap\">\n\t\t\t\t\t\t\t<\/div>\n\t\t<\/div>\n\t\t\t\t\t<\/div>\n\t\t<\/section>\n\t\t\t\t<\/div>\n\t\t","protected":false},"excerpt":{"rendered":"<p>YACHT CONSULTING Contactez nous Effortless Yachting Vous \u00eates \u00e0 la recherche d&rsquo;un yacht neuf ou d&rsquo;occasion pour sublimer vos prochaines vacances ? Effortless Yachting, votre agence de yacht consulting en M\u00e9diterran\u00e9e, vous accompagne tout au long de votre projet. Riches de nos 30 ann\u00e9es d&rsquo;exp\u00e9rience, mais aussi de nos expertises et de notre connaissance du [&hellip;]<\/p>\n","protected":false},"author":1,"featured_media":0,"parent":0,"menu_order":0,"comment_status":"closed","ping_status":"closed","template":"","meta":{"ocean_post_layout":"full-screen","ocean_both_sidebars_style":"","ocean_both_sidebars_content_width":0,"ocean_both_sidebars_sidebars_width":0,"ocean_sidebar":"0","ocean_second_sidebar":"0","ocean_disable_margins":"on","ocean_add_body_class":"","ocean_shortcode_before_top_bar":"","ocean_shortcode_after_top_bar":"","ocean_shortcode_before_header":"","ocean_shortcode_after_header":"","ocean_has_shortcode":"","ocean_shortcode_after_title":"","ocean_shortcode_before_footer_widgets":"","ocean_shortcode_after_footer_widgets":"","ocean_shortcode_before_footer_bottom":"","ocean_shortcode_after_footer_bottom":"","ocean_display_top_bar":"default","ocean_display_header":"default","ocean_header_style":"","ocean_center_header_left_menu":"0","ocean_custom_header_template":"0","ocean_custom_logo":0,"ocean_custom_retina_logo":0,"ocean_custom_logo_max_width":0,"ocean_custom_logo_tablet_max_width":0,"ocean_custom_logo_mobile_max_width":0,"ocean_custom_logo_max_height":0,"ocean_custom_logo_tablet_max_height":0,"ocean_custom_logo_mobile_max_height":0,"ocean_header_custom_menu":"8","ocean_menu_typo_font_family":"0","ocean_menu_typo_font_subset":"","ocean_menu_typo_font_size":0,"ocean_menu_typo_font_size_tablet":0,"ocean_menu_typo_font_size_mobile":0,"ocean_menu_typo_font_size_unit":"px","ocean_menu_typo_font_weight":"","ocean_menu_typo_font_weight_tablet":"","ocean_menu_typo_font_weight_mobile":"","ocean_menu_typo_transform":"","ocean_menu_typo_transform_tablet":"","ocean_menu_typo_transform_mobile":"","ocean_menu_typo_line_height":0,"ocean_menu_typo_line_height_tablet":0,"ocean_menu_typo_line_height_mobile":0,"ocean_menu_typo_line_height_unit":"","ocean_menu_typo_spacing":0,"ocean_menu_typo_spacing_tablet":0,"ocean_menu_typo_spacing_mobile":0,"ocean_menu_typo_spacing_unit":"","ocean_menu_link_color":"","ocean_menu_link_color_hover":"","ocean_menu_link_color_active":"","ocean_menu_link_background":"","ocean_menu_link_hover_background":"","ocean_menu_link_active_background":"","ocean_menu_social_links_bg":"","ocean_menu_social_hover_links_bg":"","ocean_menu_social_links_color":"","ocean_menu_social_hover_links_color":"","ocean_disable_title":"on","ocean_disable_heading":"default","ocean_post_title":"","ocean_post_subheading":"","ocean_post_title_style":"","ocean_post_title_background_color":"","ocean_post_title_background":0,"ocean_post_title_bg_image_position":"","ocean_post_title_bg_image_attachment":"","ocean_post_title_bg_image_repeat":"","ocean_post_title_bg_image_size":"","ocean_post_title_height":0,"ocean_post_title_bg_overlay":0.5,"ocean_post_title_bg_overlay_color":"","ocean_disable_breadcrumbs":"default","ocean_breadcrumbs_color":"","ocean_breadcrumbs_separator_color":"","ocean_breadcrumbs_links_color":"","ocean_breadcrumbs_links_hover_color":"","ocean_display_footer_widgets":"default","ocean_display_footer_bottom":"default","ocean_custom_footer_template":"0","footnotes":""},"yoast_head":"<!-- This site is optimized with the Yoast SEO plugin v22.6 - https:\/\/yoast.com\/wordpress\/plugins\/seo\/ -->\n<title>Effortless Yachting<\/title>\n<meta name=\"robots\" content=\"index, follow, max-snippet:-1, max-image-preview:large, max-video-preview:-1\" \/>\n<link rel=\"canonical\" href=\"https:\/\/effortlessyachting.com\/\" \/>\n<meta property=\"og:locale\" content=\"fr_FR\" \/>\n<meta property=\"og:type\" content=\"article\" \/>\n<meta property=\"og:title\" content=\"Effortless Yachting\" \/>\n<meta property=\"og:description\" content=\"YACHT CONSULTING Contactez nous Effortless Yachting Vous \u00eates \u00e0 la recherche d&rsquo;un yacht neuf ou d&rsquo;occasion pour sublimer vos prochaines vacances ? Effortless Yachting, votre agence de yacht consulting en M\u00e9diterran\u00e9e, vous accompagne tout au long de votre projet. Riches de nos 30 ann\u00e9es d&rsquo;exp\u00e9rience, mais aussi de nos expertises et de notre connaissance du [&hellip;]\" \/>\n<meta property=\"og:url\" content=\"https:\/\/effortlessyachting.com\/\" \/>\n<meta property=\"og:site_name\" content=\"Effortless Yachting\" \/>\n<meta property=\"article:modified_time\" content=\"2025-11-02T23:28:38+00:00\" \/>\n<meta name=\"twitter:card\" content=\"summary_large_image\" \/>\n<meta name=\"twitter:label1\" content=\"Dur\u00e9e de lecture estim\u00e9e\" \/>\n\t<meta name=\"twitter:data1\" content=\"2 minutes\" \/>\n<script type=\"application\/ld+json\" class=\"yoast-schema-graph\">{\"@context\":\"https:\/\/schema.org\",\"@graph\":[{\"@type\":\"WebPage\",\"@id\":\"https:\/\/effortlessyachting.com\/\",\"url\":\"https:\/\/effortlessyachting.com\/\",\"name\":\"Effortless Yachting\",\"isPartOf\":{\"@id\":\"https:\/\/effortlessyachting.com\/#website\"},\"datePublished\":\"2016-11-09T22:50:43+00:00\",\"dateModified\":\"2025-11-02T23:28:38+00:00\",\"breadcrumb\":{\"@id\":\"https:\/\/effortlessyachting.com\/#breadcrumb\"},\"inLanguage\":\"fr-FR\",\"potentialAction\":[{\"@type\":\"ReadAction\",\"target\":[\"https:\/\/effortlessyachting.com\/\"]}]},{\"@type\":\"BreadcrumbList\",\"@id\":\"https:\/\/effortlessyachting.com\/#breadcrumb\",\"itemListElement\":[{\"@type\":\"ListItem\",\"position\":1,\"name\":\"Accueil\",\"item\":\"https:\/\/effortlessyachting.com\/\"},{\"@type\":\"ListItem\",\"position\":2,\"name\":\"Accueil\"}]},{\"@type\":\"WebSite\",\"@id\":\"https:\/\/effortlessyachting.com\/#website\",\"url\":\"https:\/\/effortlessyachting.com\/\",\"name\":\"Effortless Yachting\",\"description\":\"Yacht Consulting Cannes\",\"publisher\":{\"@id\":\"https:\/\/effortlessyachting.com\/#organization\"},\"potentialAction\":[{\"@type\":\"SearchAction\",\"target\":{\"@type\":\"EntryPoint\",\"urlTemplate\":\"https:\/\/effortlessyachting.com\/?s={search_term_string}\"},\"query-input\":\"required name=search_term_string\"}],\"inLanguage\":\"fr-FR\"},{\"@type\":\"Organization\",\"@id\":\"https:\/\/effortlessyachting.com\/#organization\",\"name\":\"Effortless Yachting\",\"url\":\"https:\/\/effortlessyachting.com\/\",\"logo\":{\"@type\":\"ImageObject\",\"inLanguage\":\"fr-FR\",\"@id\":\"https:\/\/effortlessyachting.com\/#\/schema\/logo\/image\/\",\"url\":\"https:\/\/effortlessyachting.com\/wp-content\/uploads\/2023\/09\/cropped-Logo21.png\",\"contentUrl\":\"https:\/\/effortlessyachting.com\/wp-content\/uploads\/2023\/09\/cropped-Logo21.png\",\"width\":640,\"height\":138,\"caption\":\"Effortless Yachting\"},\"image\":{\"@id\":\"https:\/\/effortlessyachting.com\/#\/schema\/logo\/image\/\"}}]}<\/script>\n<!-- \/ Yoast SEO plugin. -->","yoast_head_json":{"title":"Effortless Yachting","robots":{"index":"index","follow":"follow","max-snippet":"max-snippet:-1","max-image-preview":"max-image-preview:large","max-video-preview":"max-video-preview:-1"},"canonical":"https:\/\/effortlessyachting.com\/","og_locale":"fr_FR","og_type":"article","og_title":"Effortless Yachting","og_description":"YACHT CONSULTING Contactez nous Effortless Yachting Vous \u00eates \u00e0 la recherche d&rsquo;un yacht neuf ou d&rsquo;occasion pour sublimer vos prochaines vacances ? Effortless Yachting, votre agence de yacht consulting en M\u00e9diterran\u00e9e, vous accompagne tout au long de votre projet. Riches de nos 30 ann\u00e9es d&rsquo;exp\u00e9rience, mais aussi de nos expertises et de notre connaissance du [&hellip;]","og_url":"https:\/\/effortlessyachting.com\/","og_site_name":"Effortless Yachting","article_modified_time":"2025-11-02T23:28:38+00:00","twitter_card":"summary_large_image","twitter_misc":{"Dur\u00e9e de lecture estim\u00e9e":"2 minutes"},"schema":{"@context":"https:\/\/schema.org","@graph":[{"@type":"WebPage","@id":"https:\/\/effortlessyachting.com\/","url":"https:\/\/effortlessyachting.com\/","name":"Effortless Yachting","isPartOf":{"@id":"https:\/\/effortlessyachting.com\/#website"},"datePublished":"2016-11-09T22:50:43+00:00","dateModified":"2025-11-02T23:28:38+00:00","breadcrumb":{"@id":"https:\/\/effortlessyachting.com\/#breadcrumb"},"inLanguage":"fr-FR","potentialAction":[{"@type":"ReadAction","target":["https:\/\/effortlessyachting.com\/"]}]},{"@type":"BreadcrumbList","@id":"https:\/\/effortlessyachting.com\/#breadcrumb","itemListElement":[{"@type":"ListItem","position":1,"name":"Accueil","item":"https:\/\/effortlessyachting.com\/"},{"@type":"ListItem","position":2,"name":"Accueil"}]},{"@type":"WebSite","@id":"https:\/\/effortlessyachting.com\/#website","url":"https:\/\/effortlessyachting.com\/","name":"Effortless Yachting","description":"Yacht Consulting Cannes","publisher":{"@id":"https:\/\/effortlessyachting.com\/#organization"},"potentialAction":[{"@type":"SearchAction","target":{"@type":"EntryPoint","urlTemplate":"https:\/\/effortlessyachting.com\/?s={search_term_string}"},"query-input":"required name=search_term_string"}],"inLanguage":"fr-FR"},{"@type":"Organization","@id":"https:\/\/effortlessyachting.com\/#organization","name":"Effortless Yachting","url":"https:\/\/effortlessyachting.com\/","logo":{"@type":"ImageObject","inLanguage":"fr-FR","@id":"https:\/\/effortlessyachting.com\/#\/schema\/logo\/image\/","url":"https:\/\/effortlessyachting.com\/wp-content\/uploads\/2023\/09\/cropped-Logo21.png","contentUrl":"https:\/\/effortlessyachting.com\/wp-content\/uploads\/2023\/09\/cropped-Logo21.png","width":640,"height":138,"caption":"Effortless Yachting"},"image":{"@id":"https:\/\/effortlessyachting.com\/#\/schema\/logo\/image\/"}}]}},"_links":{"self":[{"href":"https:\/\/effortlessyachting.com\/index.php\/wp-json\/wp\/v2\/pages\/242"}],"collection":[{"href":"https:\/\/effortlessyachting.com\/index.php\/wp-json\/wp\/v2\/pages"}],"about":[{"href":"https:\/\/effortlessyachting.com\/index.php\/wp-json\/wp\/v2\/types\/page"}],"author":[{"embeddable":true,"href":"https:\/\/effortlessyachting.com\/index.php\/wp-json\/wp\/v2\/users\/1"}],"replies":[{"embeddable":true,"href":"https:\/\/effortlessyachting.com\/index.php\/wp-json\/wp\/v2\/comments?post=242"}],"version-history":[{"count":120,"href":"https:\/\/effortlessyachting.com\/index.php\/wp-json\/wp\/v2\/pages\/242\/revisions"}],"predecessor-version":[{"id":4230,"href":"https:\/\/effortlessyachting.com\/index.php\/wp-json\/wp\/v2\/pages\/242\/revisions\/4230"}],"wp:attachment":[{"href":"https:\/\/effortlessyachting.com\/index.php\/wp-json\/wp\/v2\/media?parent=242"}],"curies":[{"name":"wp","href":"https:\/\/api.w.org\/{rel}","templated":true}]}}