{"id":522,"date":"2021-02-08T17:28:00","date_gmt":"2021-02-08T16:28:00","guid":{"rendered":"https:\/\/effortlessyachting.com\/?page_id=522"},"modified":"2024-03-18T11:46:48","modified_gmt":"2024-03-18T10:46:48","slug":"mentions","status":"publish","type":"page","link":"https:\/\/effortlessyachting.com\/index.php\/mentions\/","title":{"rendered":"Mentions"},"content":{"rendered":"\t\t<div data-elementor-type=\"wp-page\" data-elementor-id=\"522\" class=\"elementor elementor-522\">\n\t\t\t\t\t\t<section class=\"elementor-section elementor-top-section elementor-element elementor-element-a005e6b elementor-section-boxed elementor-section-height-default elementor-section-height-default\" data-id=\"a005e6b\" data-element_type=\"section\">\n\t\t\t\t\t\t<div class=\"elementor-container elementor-column-gap-default\">\n\t\t\t\t\t<div class=\"elementor-column elementor-col-100 elementor-top-column elementor-element elementor-element-943d883\" data-id=\"943d883\" data-element_type=\"column\">\n\t\t\t<div class=\"elementor-widget-wrap elementor-element-populated\">\n\t\t\t\t\t\t<div class=\"elementor-element elementor-element-54f71e6 elementor-widget elementor-widget-spacer\" data-id=\"54f71e6\" data-element_type=\"widget\" data-widget_type=\"spacer.default\">\n\t\t\t\t<div class=\"elementor-widget-container\">\n\t\t\t\t\t\t\t<div class=\"elementor-spacer\">\n\t\t\t<div class=\"elementor-spacer-inner\"><\/div>\n\t\t<\/div>\n\t\t\t\t\t\t<\/div>\n\t\t\t\t<\/div>\n\t\t\t\t<div class=\"elementor-element elementor-element-d39841c elementor-widget elementor-widget-heading\" data-id=\"d39841c\" data-element_type=\"widget\" data-widget_type=\"heading.default\">\n\t\t\t\t<div class=\"elementor-widget-container\">\n\t\t\t\t\t<h2 class=\"elementor-heading-title elementor-size-default\">Mentions l\u00e9gales<\/h2>\t\t\t\t<\/div>\n\t\t\t\t<\/div>\n\t\t\t\t<div class=\"elementor-element elementor-element-e19cf54 elementor-widget elementor-widget-text-editor\" data-id=\"e19cf54\" data-element_type=\"widget\" data-widget_type=\"text-editor.default\">\n\t\t\t\t<div class=\"elementor-widget-container\">\n\t\t\t\t\t\t\t\t\t<p>Mentions l\u00e9gales : Conform\u00e9ment au texte de la loi n\u00b0 2004-575 du 21 juin 2004 (LCEN) dite \u00ab loi pour la confiance dans l&rsquo;\u00e9conomie num\u00e9rique \u00bb, veuillez trouver ci-dessous la liste des diff\u00e9rentes parties qui interviennent pour la r\u00e9alisation de ce site :<\/p><p>-Propri\u00e9taire : Jean-Luc Poma<br \/>-R\u00e9alisation : purepropagande.com<br \/>-D\u00e9veloppeur : Jean-Luc Dalmas info@lesruesdecannes.com<br \/>-Cr\u00e9dit photo : \u00a9 Jean-Luc Poma\u00a0<br \/>-H\u00e9bergement : ONLINE SAS \/ BP 438 \/ 75366 PARIS CEDEX 08<\/p><p>Conditions g\u00e9n\u00e9rales d&rsquo;utilisation du site effortlessyachting.com<\/p><p>1- L&rsquo;utilisation du site effortlessyachting.com entra\u00eene l&rsquo;acceptation sans conditions des conditions g\u00e9n\u00e9rales qui suivent .Ces conditions peuvent \u00eatre chang\u00e9es ou modifi\u00e9es sans pr\u00e9avis . Le site effortlessyachting.com est accessible de fa\u00e7on permanente aux utilisateurs d&rsquo;internet, cependant des interruptions pour maintenance technique ou mise \u00e0 jour sont possible sans pr\u00e9avis .L&rsquo;utilisation du site effortlessyachting.com implique l&rsquo;utilisation d&rsquo;un navigateur moderne et mis \u00e0 jour sans virus ou programmes malveillants .Bien que r\u00e9alis\u00e9 avec des m\u00e9thodes standards et \u00e9prouv\u00e9es, le site effortlessyachting.com ne saurait \u00eatre tenu pour responsable des d\u00e9g\u00e2ts ou bugs caus\u00e9s aux mat\u00e9riels des utilisateurs .Bien que visible sur la majorit\u00e9 des syst\u00e8mes le site effortlessyachting.com ne saurait \u00eatre tenue responsable de son inaccessibilit\u00e9 sur un mat\u00e9riel trop ancien, obsol\u00e8te, ou sur un mat\u00e9riel trop novateur et donc de ce fait pas suffisamment diffus\u00e9.<\/p><p>2- Le site effortlessyachting.com \u00e0 pour objet la fourniture d&rsquo;informations et de promotions commerciales \u00e0 l&rsquo;ensemble de ses partenaires et clients . Bien que la plus grande pr\u00e9cision soit apport\u00e9e aux informations sur le site effortlessyachting.com, ces derni\u00e8res sont donn\u00e9es \u00e0 titre indicatif et \u00e9volutives, et ne peuvent en aucun cas \u00eatre consid\u00e9r\u00e9es comme contractuelles. De plus le site effortlessyachting.com ne pourra \u00eatre tenu responsables des omissions, inexactitudes ou soucis de mise \u00e0 jour, que ce soit de sont fait ou de celui de ses partenaires et clients qui fournissent ces informations . effortlessyachting.com est propri\u00e9taire ou ayant-droit des propri\u00e9t\u00e9 intellectuelles sur tout les \u00e9l\u00e9ments qui figure sur le site, \u00e0 savoir : photographies, images, logos, ic\u00f4nes, sons, logiciels, programmes .Toutes reproductions, adaptation de tout ou partie de ce site quelque qu&rsquo;en soit la m\u00e9thode sont prohib\u00e9s .De ce fait toute utilisation m\u00eame partiel d&rsquo;un des \u00e9l\u00e9ments sans autorisation sera consid\u00e9r\u00e9 comme une contrefa\u00e7on et poursuivie conform\u00e9ment aux dispositions des articles L.335-2 et suivants du Code de Propri\u00e9t\u00e9 Intellectuelle.<\/p><p>3- Les donn\u00e9es personnelles sont notamment prot\u00e9g\u00e9es par la loi n\u00b0 78-87 du 6 janvier 1978, la loi n\u00b0 2004-801 du 6 ao\u00fbt 2004, l&rsquo;article L. 226-13 du Code p\u00e9nal et la Directive Europ\u00e9enne du 24 octobre 1995. A l&rsquo;occasion de l&rsquo;utilisation du site effortlessyachting.com peuvent \u00eatres recueillies : l&rsquo;URL des liens par l&rsquo;interm\u00e9diaire desquels l&rsquo;utilisateur a acc\u00e9d\u00e9 au site . Aucune information personnelle des utilisateurs partenaires ou clients du site effortlessyachting.com n&rsquo;est publi\u00e9e \u00e0 leurs insu, \u00e9chang\u00e9es, transf\u00e9r\u00e9es, c\u00e9d\u00e9es ou vendues sur un support quelconque \u00e0 des tiers. Seule l&rsquo;hypoth\u00e8se du rachat de effortlessyachting.com et de ses droits permettrait la transmission des dites informations \u00e0 l&rsquo;\u00e9ventuel acqu\u00e9reur qui serait \u00e0 son tour tenu de la m\u00eame obligation de conservation et de modification des donn\u00e9es vis \u00e0 vis de l&rsquo;utilisateur du site .\u00a0<\/p><p>4- Le site effortlessyachting.com contient un certain nombre de liens hypertextes pointant vers d\u2019autres sites ou contenus mis en place avec l\u2019autorisation de effortlessyachting.com. Toutefois, effortlessyachting.com n\u2019a pas la possibilit\u00e9 de v\u00e9rifier l&rsquo;int\u00e9gralit\u00e9 du contenu des sites ainsi visit\u00e9s, et n\u2019en assumera en cons\u00e9quence aucune responsabilit\u00e9 de ce fait. La navigation sur le site effortlessyachting.com ne provoque pas l\u2019installation de cookies sur l\u2019ordinateur de l\u2019utilisateur. Un cookie est un fichier de petite taille, qui ne permet pas l\u2019identification de l\u2019utilisateur, mais qui enregistre des informations relatives \u00e0 la navigation d\u2019un ordinateur sur un site. Cependant si ce mode de navigation venait \u00e0 \u00e9voluer, les utilisateurs en serait tenu inform\u00e9s dans les conditions g\u00e9n\u00e9rales d&rsquo;utilisation.<\/p>\t\t\t\t\t\t\t\t<\/div>\n\t\t\t\t<\/div>\n\t\t\t\t\t<\/div>\n\t\t<\/div>\n\t\t\t\t\t<\/div>\n\t\t<\/section>\n\t\t\t\t<\/div>\n\t\t","protected":false},"excerpt":{"rendered":"<p>Mentions l\u00e9gales Mentions l\u00e9gales : Conform\u00e9ment au texte de la loi n\u00b0 2004-575 du 21 juin 2004 (LCEN) dite \u00ab loi pour la confiance dans l&rsquo;\u00e9conomie num\u00e9rique \u00bb, veuillez trouver ci-dessous la liste des diff\u00e9rentes parties qui interviennent pour la r\u00e9alisation de ce site : -Propri\u00e9taire : Jean-Luc Poma-R\u00e9alisation : purepropagande.com-D\u00e9veloppeur : Jean-Luc Dalmas info@lesruesdecannes.com-Cr\u00e9dit [&hellip;]<\/p>\n","protected":false},"author":1,"featured_media":0,"parent":0,"menu_order":0,"comment_status":"closed","ping_status":"closed","template":"","meta":{"ocean_post_layout":"full-screen","ocean_both_sidebars_style":"","ocean_both_sidebars_content_width":0,"ocean_both_sidebars_sidebars_width":0,"ocean_sidebar":"0","ocean_second_sidebar":"0","ocean_disable_margins":"enable","ocean_add_body_class":"","ocean_shortcode_before_top_bar":"","ocean_shortcode_after_top_bar":"","ocean_shortcode_before_header":"","ocean_shortcode_after_header":"","ocean_has_shortcode":"","ocean_shortcode_after_title":"","ocean_shortcode_before_footer_widgets":"","ocean_shortcode_after_footer_widgets":"","ocean_shortcode_before_footer_bottom":"","ocean_shortcode_after_footer_bottom":"","ocean_display_top_bar":"default","ocean_display_header":"default","ocean_header_style":"","ocean_center_header_left_menu":"0","ocean_custom_header_template":"0","ocean_custom_logo":0,"ocean_custom_retina_logo":0,"ocean_custom_logo_max_width":0,"ocean_custom_logo_tablet_max_width":0,"ocean_custom_logo_mobile_max_width":0,"ocean_custom_logo_max_height":0,"ocean_custom_logo_tablet_max_height":0,"ocean_custom_logo_mobile_max_height":0,"ocean_header_custom_menu":"0","ocean_menu_typo_font_family":"0","ocean_menu_typo_font_subset":"","ocean_menu_typo_font_size":0,"ocean_menu_typo_font_size_tablet":0,"ocean_menu_typo_font_size_mobile":0,"ocean_menu_typo_font_size_unit":"px","ocean_menu_typo_font_weight":"","ocean_menu_typo_font_weight_tablet":"","ocean_menu_typo_font_weight_mobile":"","ocean_menu_typo_transform":"","ocean_menu_typo_transform_tablet":"","ocean_menu_typo_transform_mobile":"","ocean_menu_typo_line_height":0,"ocean_menu_typo_line_height_tablet":0,"ocean_menu_typo_line_height_mobile":0,"ocean_menu_typo_line_height_unit":"","ocean_menu_typo_spacing":0,"ocean_menu_typo_spacing_tablet":0,"ocean_menu_typo_spacing_mobile":0,"ocean_menu_typo_spacing_unit":"","ocean_menu_link_color":"","ocean_menu_link_color_hover":"","ocean_menu_link_color_active":"","ocean_menu_link_background":"","ocean_menu_link_hover_background":"","ocean_menu_link_active_background":"","ocean_menu_social_links_bg":"","ocean_menu_social_hover_links_bg":"","ocean_menu_social_links_color":"","ocean_menu_social_hover_links_color":"","ocean_disable_title":"default","ocean_disable_heading":"default","ocean_post_title":"","ocean_post_subheading":"","ocean_post_title_style":"","ocean_post_title_background_color":"","ocean_post_title_background":0,"ocean_post_title_bg_image_position":"","ocean_post_title_bg_image_attachment":"","ocean_post_title_bg_image_repeat":"","ocean_post_title_bg_image_size":"","ocean_post_title_height":0,"ocean_post_title_bg_overlay":0.5,"ocean_post_title_bg_overlay_color":"","ocean_disable_breadcrumbs":"default","ocean_breadcrumbs_color":"","ocean_breadcrumbs_separator_color":"","ocean_breadcrumbs_links_color":"","ocean_breadcrumbs_links_hover_color":"","ocean_display_footer_widgets":"default","ocean_display_footer_bottom":"default","ocean_custom_footer_template":"0","footnotes":""},"yoast_head":"<!-- This site is optimized with the Yoast SEO plugin v22.6 - https:\/\/yoast.com\/wordpress\/plugins\/seo\/ -->\n<title>Mentions - Effortless Yachting<\/title>\n<meta name=\"robots\" content=\"index, follow, max-snippet:-1, max-image-preview:large, max-video-preview:-1\" \/>\n<link rel=\"canonical\" href=\"https:\/\/effortlessyachting.com\/index.php\/mentions\/\" \/>\n<meta property=\"og:locale\" content=\"fr_FR\" \/>\n<meta property=\"og:type\" content=\"article\" \/>\n<meta property=\"og:title\" content=\"Mentions - Effortless Yachting\" \/>\n<meta property=\"og:description\" content=\"Mentions l\u00e9gales Mentions l\u00e9gales : Conform\u00e9ment au texte de la loi n\u00b0 2004-575 du 21 juin 2004 (LCEN) dite \u00ab loi pour la confiance dans l&rsquo;\u00e9conomie num\u00e9rique \u00bb, veuillez trouver ci-dessous la liste des diff\u00e9rentes parties qui interviennent pour la r\u00e9alisation de ce site : -Propri\u00e9taire : Jean-Luc Poma-R\u00e9alisation : purepropagande.com-D\u00e9veloppeur : Jean-Luc Dalmas info@lesruesdecannes.com-Cr\u00e9dit [&hellip;]\" \/>\n<meta property=\"og:url\" content=\"https:\/\/effortlessyachting.com\/index.php\/mentions\/\" \/>\n<meta property=\"og:site_name\" content=\"Effortless Yachting\" \/>\n<meta property=\"article:modified_time\" content=\"2024-03-18T10:46:48+00:00\" \/>\n<meta name=\"twitter:card\" content=\"summary_large_image\" \/>\n<meta name=\"twitter:label1\" content=\"Dur\u00e9e de lecture estim\u00e9e\" \/>\n\t<meta name=\"twitter:data1\" content=\"4 minutes\" \/>\n<script type=\"application\/ld+json\" class=\"yoast-schema-graph\">{\"@context\":\"https:\/\/schema.org\",\"@graph\":[{\"@type\":\"WebPage\",\"@id\":\"https:\/\/effortlessyachting.com\/index.php\/mentions\/\",\"url\":\"https:\/\/effortlessyachting.com\/index.php\/mentions\/\",\"name\":\"Mentions - Effortless Yachting\",\"isPartOf\":{\"@id\":\"https:\/\/effortlessyachting.com\/#website\"},\"datePublished\":\"2021-02-08T16:28:00+00:00\",\"dateModified\":\"2024-03-18T10:46:48+00:00\",\"breadcrumb\":{\"@id\":\"https:\/\/effortlessyachting.com\/index.php\/mentions\/#breadcrumb\"},\"inLanguage\":\"fr-FR\",\"potentialAction\":[{\"@type\":\"ReadAction\",\"target\":[\"https:\/\/effortlessyachting.com\/index.php\/mentions\/\"]}]},{\"@type\":\"BreadcrumbList\",\"@id\":\"https:\/\/effortlessyachting.com\/index.php\/mentions\/#breadcrumb\",\"itemListElement\":[{\"@type\":\"ListItem\",\"position\":1,\"name\":\"Accueil\",\"item\":\"https:\/\/effortlessyachting.com\/\"},{\"@type\":\"ListItem\",\"position\":2,\"name\":\"Mentions\"}]},{\"@type\":\"WebSite\",\"@id\":\"https:\/\/effortlessyachting.com\/#website\",\"url\":\"https:\/\/effortlessyachting.com\/\",\"name\":\"Effortless Yachting\",\"description\":\"Yacht Consulting Cannes\",\"publisher\":{\"@id\":\"https:\/\/effortlessyachting.com\/#organization\"},\"potentialAction\":[{\"@type\":\"SearchAction\",\"target\":{\"@type\":\"EntryPoint\",\"urlTemplate\":\"https:\/\/effortlessyachting.com\/?s={search_term_string}\"},\"query-input\":\"required name=search_term_string\"}],\"inLanguage\":\"fr-FR\"},{\"@type\":\"Organization\",\"@id\":\"https:\/\/effortlessyachting.com\/#organization\",\"name\":\"Effortless Yachting\",\"url\":\"https:\/\/effortlessyachting.com\/\",\"logo\":{\"@type\":\"ImageObject\",\"inLanguage\":\"fr-FR\",\"@id\":\"https:\/\/effortlessyachting.com\/#\/schema\/logo\/image\/\",\"url\":\"https:\/\/effortlessyachting.com\/wp-content\/uploads\/2023\/09\/cropped-Logo21.png\",\"contentUrl\":\"https:\/\/effortlessyachting.com\/wp-content\/uploads\/2023\/09\/cropped-Logo21.png\",\"width\":640,\"height\":138,\"caption\":\"Effortless Yachting\"},\"image\":{\"@id\":\"https:\/\/effortlessyachting.com\/#\/schema\/logo\/image\/\"}}]}<\/script>\n<!-- \/ Yoast SEO plugin. -->","yoast_head_json":{"title":"Mentions - Effortless Yachting","robots":{"index":"index","follow":"follow","max-snippet":"max-snippet:-1","max-image-preview":"max-image-preview:large","max-video-preview":"max-video-preview:-1"},"canonical":"https:\/\/effortlessyachting.com\/index.php\/mentions\/","og_locale":"fr_FR","og_type":"article","og_title":"Mentions - Effortless Yachting","og_description":"Mentions l\u00e9gales Mentions l\u00e9gales : Conform\u00e9ment au texte de la loi n\u00b0 2004-575 du 21 juin 2004 (LCEN) dite \u00ab loi pour la confiance dans l&rsquo;\u00e9conomie num\u00e9rique \u00bb, veuillez trouver ci-dessous la liste des diff\u00e9rentes parties qui interviennent pour la r\u00e9alisation de ce site : -Propri\u00e9taire : Jean-Luc Poma-R\u00e9alisation : purepropagande.com-D\u00e9veloppeur : Jean-Luc Dalmas info@lesruesdecannes.com-Cr\u00e9dit [&hellip;]","og_url":"https:\/\/effortlessyachting.com\/index.php\/mentions\/","og_site_name":"Effortless Yachting","article_modified_time":"2024-03-18T10:46:48+00:00","twitter_card":"summary_large_image","twitter_misc":{"Dur\u00e9e de lecture estim\u00e9e":"4 minutes"},"schema":{"@context":"https:\/\/schema.org","@graph":[{"@type":"WebPage","@id":"https:\/\/effortlessyachting.com\/index.php\/mentions\/","url":"https:\/\/effortlessyachting.com\/index.php\/mentions\/","name":"Mentions - Effortless Yachting","isPartOf":{"@id":"https:\/\/effortlessyachting.com\/#website"},"datePublished":"2021-02-08T16:28:00+00:00","dateModified":"2024-03-18T10:46:48+00:00","breadcrumb":{"@id":"https:\/\/effortlessyachting.com\/index.php\/mentions\/#breadcrumb"},"inLanguage":"fr-FR","potentialAction":[{"@type":"ReadAction","target":["https:\/\/effortlessyachting.com\/index.php\/mentions\/"]}]},{"@type":"BreadcrumbList","@id":"https:\/\/effortlessyachting.com\/index.php\/mentions\/#breadcrumb","itemListElement":[{"@type":"ListItem","position":1,"name":"Accueil","item":"https:\/\/effortlessyachting.com\/"},{"@type":"ListItem","position":2,"name":"Mentions"}]},{"@type":"WebSite","@id":"https:\/\/effortlessyachting.com\/#website","url":"https:\/\/effortlessyachting.com\/","name":"Effortless Yachting","description":"Yacht Consulting Cannes","publisher":{"@id":"https:\/\/effortlessyachting.com\/#organization"},"potentialAction":[{"@type":"SearchAction","target":{"@type":"EntryPoint","urlTemplate":"https:\/\/effortlessyachting.com\/?s={search_term_string}"},"query-input":"required name=search_term_string"}],"inLanguage":"fr-FR"},{"@type":"Organization","@id":"https:\/\/effortlessyachting.com\/#organization","name":"Effortless Yachting","url":"https:\/\/effortlessyachting.com\/","logo":{"@type":"ImageObject","inLanguage":"fr-FR","@id":"https:\/\/effortlessyachting.com\/#\/schema\/logo\/image\/","url":"https:\/\/effortlessyachting.com\/wp-content\/uploads\/2023\/09\/cropped-Logo21.png","contentUrl":"https:\/\/effortlessyachting.com\/wp-content\/uploads\/2023\/09\/cropped-Logo21.png","width":640,"height":138,"caption":"Effortless Yachting"},"image":{"@id":"https:\/\/effortlessyachting.com\/#\/schema\/logo\/image\/"}}]}},"_links":{"self":[{"href":"https:\/\/effortlessyachting.com\/index.php\/wp-json\/wp\/v2\/pages\/522"}],"collection":[{"href":"https:\/\/effortlessyachting.com\/index.php\/wp-json\/wp\/v2\/pages"}],"about":[{"href":"https:\/\/effortlessyachting.com\/index.php\/wp-json\/wp\/v2\/types\/page"}],"author":[{"embeddable":true,"href":"https:\/\/effortlessyachting.com\/index.php\/wp-json\/wp\/v2\/users\/1"}],"replies":[{"embeddable":true,"href":"https:\/\/effortlessyachting.com\/index.php\/wp-json\/wp\/v2\/comments?post=522"}],"version-history":[{"count":19,"href":"https:\/\/effortlessyachting.com\/index.php\/wp-json\/wp\/v2\/pages\/522\/revisions"}],"predecessor-version":[{"id":4185,"href":"https:\/\/effortlessyachting.com\/index.php\/wp-json\/wp\/v2\/pages\/522\/revisions\/4185"}],"wp:attachment":[{"href":"https:\/\/effortlessyachting.com\/index.php\/wp-json\/wp\/v2\/media?parent=522"}],"curies":[{"name":"wp","href":"https:\/\/api.w.org\/{rel}","templated":true}]}}